{"id":634,"date":"2022-09-14T17:12:18","date_gmt":"2022-09-14T17:12:18","guid":{"rendered":"https:\/\/sensei.uy\/marcas\/?page_id=634"},"modified":"2022-09-14T17:12:18","modified_gmt":"2022-09-14T17:12:18","slug":"9-iglesia-tierra-santa","status":"publish","type":"page","link":"https:\/\/www.memoria.org.uy\/marcas\/9-iglesia-tierra-santa\/","title":{"rendered":"9. Iglesia Tierra Santa"},"content":{"rendered":"\n<div class=\"wp-block-media-text alignwide is-stacked-on-mobile has-background\" style=\"background-color:#f2eff5;grid-template-columns:52% auto\"><figure class=\"wp-block-media-text__media\"><img loading=\"lazy\" decoding=\"async\" width=\"540\" height=\"503\" src=\"https:\/\/www.memoria.org.uy\/marcas\/wp-content\/uploads\/2022\/09\/marca_09_g.jpg\" alt=\"\" class=\"wp-image-635 size-full\" srcset=\"https:\/\/www.memoria.org.uy\/marcas\/wp-content\/uploads\/2022\/09\/marca_09_g.jpg 540w, https:\/\/www.memoria.org.uy\/marcas\/wp-content\/uploads\/2022\/09\/marca_09_g-300x279.jpg 300w\" sizes=\"auto, (max-width: 540px) 100vw, 540px\" \/><\/figure><div class=\"wp-block-media-text__content\">\n<p><strong>Iglesia Tierra Santa, Avenida 8 de Octubre 2757 esquina Estero Bellaco, La Blanqueada, Montevideo<\/strong>. En la Iglesia Tierra Santa durante los a\u00f1os de la dictadura se reun\u00edan obreros, estudiantes y vecinos, con el apoyo de los p\u00e1rrocos, para coordinar actividades de resistencia y de preparaci\u00f3n de la conmemoraci\u00f3n del Primero de Mayo, como D\u00eda Internacional de los Trabajadores.<\/p>\n<\/div><\/div>\n\n\n\n<hr class=\"wp-block-separator has-text-color has-black-color has-css-opacity has-black-background-color has-background is-style-wide advgb-dyn-e75d8f65\"\/>\n\n\n\n<h2 class=\"wp-block-heading\" id=\"medios-e1ccef96-a234-4cba-9715-9a830e8bfffb\">INAUGURACI\u00d3N<\/h2>\n\n\n\n<hr class=\"wp-block-separator has-text-color has-black-color has-css-opacity has-black-background-color has-background is-style-wide advgb-dyn-e75d8f65\"\/>\n\n\n\n<h2 class=\"wp-block-heading\" id=\"medios-e1ccef96-a234-4cba-9715-9a830e8bfffb\">MEDIOS<\/h2>\n\n\n\n<p>Enlaces a publicaciones en medios audiovisuales<\/p>\n\n\n\n<p><\/p>\n\n\n\n<hr class=\"wp-block-separator has-text-color has-black-color has-css-opacity has-black-background-color has-background is-style-wide advgb-dyn-e75d8f65\"\/>\n\n\n\n<h2 class=\"wp-block-heading\" id=\"entrevistas-7549a4a6-50f3-4b88-af42-e4d8e11388d6\">ENTREVISTAS<\/h2>\n\n\n\n<p> Enlaces a entrevistas.<\/p>\n\n\n\n<hr class=\"wp-block-separator has-text-color has-black-color has-css-opacity has-black-background-color has-background is-style-wide advgb-dyn-e75d8f65\"\/>\n\n\n\n<h2 class=\"wp-block-heading\" id=\"prensa-bf0866e5-1545-462a-9a84-a1e9588f73ca\">PRENSA<\/h2>\n\n\n\n<p>Enlaces a publicaciones de prensa.<\/p>\n\n\n\n<hr class=\"wp-block-separator has-text-color has-black-color has-css-opacity has-black-background-color has-background is-style-wide advgb-dyn-e75d8f65\"\/>\n\n\n\n<h2 class=\"wp-block-heading\" id=\"publicaciones-5efd2e9a-bf03-44de-923a-b660fe1d8d82\">PUBLICACIONES<\/h2>\n\n\n\n<p>Enlace a publicaciones impresas, en pdf o formato de distribuci\u00f3n de otro tipo.<\/p>\n\n\n\n<hr class=\"wp-block-separator has-text-color has-black-color has-css-opacity has-black-background-color has-background is-style-wide advgb-dyn-e75d8f65\"\/>\n\n\n\n<h2 class=\"wp-block-heading\" id=\"enlaces-71ce6fa2-cd0f-4666-8ec7-a33141cd936d\">ENLACES<\/h2>\n\n\n\n<p> Enlaces a publicaciones en sitios web.<\/p>\n\n\n\n<p><\/p>\n","protected":false},"excerpt":{"rendered":"<p>Iglesia Tierra Santa, Avenida 8 de Octubre 2757 esquina Estero Bellaco, La Blanqueada, Montevideo. En la Iglesia Tierra Santa durante los a\u00f1os de la dictadura se reun\u00edan obreros, estudiantes y vecinos, con el apoyo de los p\u00e1rrocos, para coordinar actividades de resistencia y de preparaci\u00f3n de la conmemoraci\u00f3n del Primero de Mayo, como D\u00eda Internacional &#8230; <a title=\"9. Iglesia Tierra Santa\" class=\"read-more\" href=\"https:\/\/www.memoria.org.uy\/marcas\/9-iglesia-tierra-santa\/\" aria-label=\"Leer m\u00e1s sobre 9. Iglesia Tierra Santa\">Leer m\u00e1s<\/a><\/p>\n","protected":false},"author":2,"featured_media":0,"parent":0,"menu_order":0,"comment_status":"closed","ping_status":"closed","template":"","meta":{"advgb_blocks_editor_width":"","advgb_blocks_columns_visual_guide":"","footnotes":""},"class_list":["post-634","page","type-page","status-publish"],"coauthors":[],"author_meta":{"author_link":"https:\/\/www.memoria.org.uy\/marcas\/author\/sensei\/","display_name":"sensei"},"relative_dates":{"created":"Publicado 4 a\u00f1os hace","modified":"Actualizado 4 a\u00f1os hace"},"absolute_dates":{"created":"Publicado el septiembre 14, 2022","modified":"Actualizado el septiembre 14, 2022"},"absolute_dates_time":{"created":"Publicado el septiembre 14, 2022 5:12 pm","modified":"Actualizado el septiembre 14, 2022 5:12 pm"},"featured_img_caption":"","featured_img":false,"series_order":"","_links":{"self":[{"href":"https:\/\/www.memoria.org.uy\/marcas\/wp-json\/wp\/v2\/pages\/634","targetHints":{"allow":["GET"]}}],"collection":[{"href":"https:\/\/www.memoria.org.uy\/marcas\/wp-json\/wp\/v2\/pages"}],"about":[{"href":"https:\/\/www.memoria.org.uy\/marcas\/wp-json\/wp\/v2\/types\/page"}],"author":[{"embeddable":true,"href":"https:\/\/www.memoria.org.uy\/marcas\/wp-json\/wp\/v2\/users\/2"}],"replies":[{"embeddable":true,"href":"https:\/\/www.memoria.org.uy\/marcas\/wp-json\/wp\/v2\/comments?post=634"}],"version-history":[{"count":0,"href":"https:\/\/www.memoria.org.uy\/marcas\/wp-json\/wp\/v2\/pages\/634\/revisions"}],"wp:attachment":[{"href":"https:\/\/www.memoria.org.uy\/marcas\/wp-json\/wp\/v2\/media?parent=634"}],"curies":[{"name":"wp","href":"https:\/\/api.w.org\/{rel}","templated":true}]}}