{"id":251,"date":"2021-07-21T15:50:43","date_gmt":"2021-07-21T15:50:43","guid":{"rendered":"https:\/\/sensei.uy\/marcas\/?page_id=251"},"modified":"2021-07-21T15:50:43","modified_gmt":"2021-07-21T15:50:43","slug":"6-teatro-el-galpon","status":"publish","type":"page","link":"https:\/\/www.memoria.org.uy\/marcas\/6-teatro-el-galpon\/","title":{"rendered":"6. Teatro \u00abEl Galp\u00f3n\u00bb."},"content":{"rendered":"\n<div class=\"wp-block-media-text alignwide is-stacked-on-mobile has-background\" style=\"background-color:#f2eff5\"><figure class=\"wp-block-media-text__media\"><img loading=\"lazy\" decoding=\"async\" width=\"540\" height=\"503\" src=\"https:\/\/www.memoria.org.uy\/marcas\/wp-content\/uploads\/2021\/07\/marca_06_g.jpg\" alt=\"\" class=\"wp-image-252 size-full\" srcset=\"https:\/\/www.memoria.org.uy\/marcas\/wp-content\/uploads\/2021\/07\/marca_06_g.jpg 540w, https:\/\/www.memoria.org.uy\/marcas\/wp-content\/uploads\/2021\/07\/marca_06_g-300x279.jpg 300w\" sizes=\"auto, (max-width: 540px) 100vw, 540px\" \/><\/figure><div class=\"wp-block-media-text__content\">\n<p class=\"has-background has-normal-font-size\" style=\"background-color:#f2eff5\">La gente del teatro y la cultura tuvo una destacada actuaci\u00f3n en la resistencia al r\u00e9gimen dictatorial. Esta Sala de El Galp\u00f3n, fue un lugar de encuentro permanente de opositores a la dictadura, por eso fue clausurado en 1976 y sus integrantes marcharon al exilio a M\u00e9xico.<\/p>\n<\/div><\/div>\n","protected":false},"excerpt":{"rendered":"<p>La gente del teatro y la cultura tuvo una destacada actuaci\u00f3n en la resistencia al r\u00e9gimen dictatorial. Esta Sala de El Galp\u00f3n, fue un lugar de encuentro permanente de opositores a la dictadura, por eso fue clausurado en 1976 y sus integrantes marcharon al exilio a M\u00e9xico.<\/p>\n","protected":false},"author":2,"featured_media":0,"parent":0,"menu_order":0,"comment_status":"closed","ping_status":"closed","template":"","meta":{"advgb_blocks_editor_width":"","advgb_blocks_columns_visual_guide":"","footnotes":""},"class_list":["post-251","page","type-page","status-publish"],"coauthors":[],"author_meta":{"author_link":"https:\/\/www.memoria.org.uy\/marcas\/author\/sensei\/","display_name":"sensei"},"relative_dates":{"created":"Publicado 5 a\u00f1os hace","modified":"Actualizado 5 a\u00f1os hace"},"absolute_dates":{"created":"Publicado el julio 21, 2021","modified":"Actualizado el julio 21, 2021"},"absolute_dates_time":{"created":"Publicado el julio 21, 2021 3:50 pm","modified":"Actualizado el julio 21, 2021 3:50 pm"},"featured_img_caption":"","featured_img":false,"series_order":"","_links":{"self":[{"href":"https:\/\/www.memoria.org.uy\/marcas\/wp-json\/wp\/v2\/pages\/251","targetHints":{"allow":["GET"]}}],"collection":[{"href":"https:\/\/www.memoria.org.uy\/marcas\/wp-json\/wp\/v2\/pages"}],"about":[{"href":"https:\/\/www.memoria.org.uy\/marcas\/wp-json\/wp\/v2\/types\/page"}],"author":[{"embeddable":true,"href":"https:\/\/www.memoria.org.uy\/marcas\/wp-json\/wp\/v2\/users\/2"}],"replies":[{"embeddable":true,"href":"https:\/\/www.memoria.org.uy\/marcas\/wp-json\/wp\/v2\/comments?post=251"}],"version-history":[{"count":0,"href":"https:\/\/www.memoria.org.uy\/marcas\/wp-json\/wp\/v2\/pages\/251\/revisions"}],"wp:attachment":[{"href":"https:\/\/www.memoria.org.uy\/marcas\/wp-json\/wp\/v2\/media?parent=251"}],"curies":[{"name":"wp","href":"https:\/\/api.w.org\/{rel}","templated":true}]}}